{"id":3643,"date":"2023-03-27T08:13:18","date_gmt":"2023-03-27T08:13:18","guid":{"rendered":"https:\/\/platinkumas.com.tr\/?page_id=3643"},"modified":"2023-05-03T20:25:27","modified_gmt":"2023-05-03T20:25:27","slug":"kurumsal-2","status":"publish","type":"page","link":"https:\/\/www.platinkumas.com.tr\/?page_id=3643","title":{"rendered":"Kurumsal"},"content":{"rendered":"\n<p>\u00dcretimde kalite, hizmette kalite anlay\u0131\u015f\u0131yla yola \u00e7\u0131kan, \u00e7eyrek as\u0131rl\u0131k tecr\u00fcbesiyle, son teknoloji \u00fcr\u00fcn\u00fc olan makine parkurunu kullanarak, kendi \u00fcretimini yapan, at\u0131l\u0131mc\u0131 ve yeniliklere a\u00e7\u0131k bir firmad\u0131r.<\/p>\n\n\n\n<p>Yurt i\u00e7inde tan\u0131nan ve g\u00fcvenilir bir firma olan PLAT\u0130N KUMA\u015e, yurt d\u0131\u015f\u0131nda da ba\u015fta Bulgaristan olmak \u00fczere Rusya, Almanya, \u0130talya, \u0130spanya ve di\u011fer Avrupa \u00fclkelerinde uluslararas\u0131 platformda ticaretini s\u00fcrd\u00fcrmektedir.<\/p>\n\n\n\n<p>Gelece\u011fe do\u011fru emin ad\u0131mlarla ilerleyen PLAT\u0130N KUMA\u015e faaliyetlerine Tesktilkent \u0130stanbul\u2019da devam etmektedir.<\/p>\n","protected":false},"excerpt":{"rendered":"<p>\u00dcretimde kalite, hizmette kalite anlay\u0131\u015f\u0131yla yola \u00e7\u0131kan, \u00e7eyrek as\u0131rl\u0131k tecr\u00fcbesiyle, son teknoloji \u00fcr\u00fcn\u00fc olan makine parkurunu kullanarak, kendi \u00fcretimini yapan, at\u0131l\u0131mc\u0131 ve yeniliklere a\u00e7\u0131k bir firmad\u0131r. Yurt i\u00e7inde tan\u0131nan ve g\u00fcvenilir bir firma olan PLAT\u0130N KUMA\u015e, yurt d\u0131\u015f\u0131nda da ba\u015fta Bulgaristan olmak \u00fczere Rusya, Almanya, \u0130talya, \u0130spanya ve di\u011fer Avrupa&hellip;<\/p>\n","protected":false},"author":1,"featured_media":0,"parent":0,"menu_order":0,"comment_status":"closed","ping_status":"closed","template":"","meta":{"footnotes":""},"_links":{"self":[{"href":"https:\/\/www.platinkumas.com.tr\/index.php?rest_route=\/wp\/v2\/pages\/3643"}],"collection":[{"href":"https:\/\/www.platinkumas.com.tr\/index.php?rest_route=\/wp\/v2\/pages"}],"about":[{"href":"https:\/\/www.platinkumas.com.tr\/index.php?rest_route=\/wp\/v2\/types\/page"}],"author":[{"embeddable":true,"href":"https:\/\/www.platinkumas.com.tr\/index.php?rest_route=\/wp\/v2\/users\/1"}],"replies":[{"embeddable":true,"href":"https:\/\/www.platinkumas.com.tr\/index.php?rest_route=%2Fwp%2Fv2%2Fcomments&post=3643"}],"version-history":[{"count":2,"href":"https:\/\/www.platinkumas.com.tr\/index.php?rest_route=\/wp\/v2\/pages\/3643\/revisions"}],"predecessor-version":[{"id":3700,"href":"https:\/\/www.platinkumas.com.tr\/index.php?rest_route=\/wp\/v2\/pages\/3643\/revisions\/3700"}],"wp:attachment":[{"href":"https:\/\/www.platinkumas.com.tr\/index.php?rest_route=%2Fwp%2Fv2%2Fmedia&parent=3643"}],"curies":[{"name":"wp","href":"https:\/\/api.w.org\/{rel}","templated":true}]}}