{"id":3755,"date":"2023-05-04T08:57:46","date_gmt":"2023-05-04T08:57:46","guid":{"rendered":"https:\/\/platinkumas.com.tr\/?post_type=product&#038;p=3755"},"modified":"2023-05-11T08:26:03","modified_gmt":"2023-05-11T08:26:03","slug":"jakar","status":"publish","type":"product","link":"https:\/\/www.platinkumas.com.tr\/?product=jakar","title":{"rendered":"JAKAR"},"content":{"rendered":"<p>JAKARLI PUANT\u0130YE \u0130NTERLOK<\/p>\n<p>% 65 COTTON<\/p>\n<p>%10 V\u0130SCOSE<\/p>\n<p>%20 POLYESTER<\/p>\n<p>%5 ELASTAN<\/p>\n","protected":false},"excerpt":{"rendered":"<p>JAKARLI PUANT\u0130YE \u0130NTERLOK % 65 COTTON %10 V\u0130SCOSE %20 POLYESTER %5 ELASTAN<\/p>\n","protected":false},"featured_media":3754,"comment_status":"open","ping_status":"closed","template":"","meta":[],"product_cat":[35],"product_tag":[],"_links":{"self":[{"href":"https:\/\/www.platinkumas.com.tr\/index.php?rest_route=\/wp\/v2\/product\/3755"}],"collection":[{"href":"https:\/\/www.platinkumas.com.tr\/index.php?rest_route=\/wp\/v2\/product"}],"about":[{"href":"https:\/\/www.platinkumas.com.tr\/index.php?rest_route=\/wp\/v2\/types\/product"}],"replies":[{"embeddable":true,"href":"https:\/\/www.platinkumas.com.tr\/index.php?rest_route=%2Fwp%2Fv2%2Fcomments&post=3755"}],"wp:featuredmedia":[{"embeddable":true,"href":"https:\/\/www.platinkumas.com.tr\/index.php?rest_route=\/wp\/v2\/media\/3754"}],"wp:attachment":[{"href":"https:\/\/www.platinkumas.com.tr\/index.php?rest_route=%2Fwp%2Fv2%2Fmedia&parent=3755"}],"wp:term":[{"taxonomy":"product_cat","embeddable":true,"href":"https:\/\/www.platinkumas.com.tr\/index.php?rest_route=%2Fwp%2Fv2%2Fproduct_cat&post=3755"},{"taxonomy":"product_tag","embeddable":true,"href":"https:\/\/www.platinkumas.com.tr\/index.php?rest_route=%2Fwp%2Fv2%2Fproduct_tag&post=3755"}],"curies":[{"name":"wp","href":"https:\/\/api.w.org\/{rel}","templated":true}]}}